{"id":5496,"date":"2025-11-03T18:38:56","date_gmt":"2025-11-03T18:38:56","guid":{"rendered":"https:\/\/mihailrealestate.ro\/politica-de-cookies-mihail-real-estate-2\/"},"modified":"2026-04-01T15:00:04","modified_gmt":"2026-04-01T15:00:04","slug":"politica-de-cookies-mihail-real-estate-2","status":"publish","type":"page","link":"https:\/\/mihailrealestate.ro\/es\/politica-de-cookies-mihail-real-estate-2\/","title":{"rendered":"Pol\u00edtica de Cookies \u2013 Mihail Real Estate"},"content":{"rendered":"\n<p><strong>Ultima actualizare:<\/strong>\u00a01\/4\/2026<\/p>\n\n<p>El sitio web <strong>Mihail Real Estate<\/strong> utiliza cookies para ofrecer una experiencia \u00f3ptima de navegaci\u00f3n, analizar el tr\u00e1fico y personalizar el contenido mostrado.<\/p>\n\n<hr class=\"wp-block-separator has-alpha-channel-opacity\"\/>\n\n<h2 class=\"wp-block-heading\">1. \u00bfQu\u00e9 son las cookies?<\/h2>\n\n<p>Las cookies son peque\u00f1os archivos de texto que se almacenan en el dispositivo del usuario cuando este visita un sitio web. No contienen informaci\u00f3n personal sensible, pero permiten reconocer el dispositivo en futuras visitas. <\/p>\n\n<hr class=\"wp-block-separator has-alpha-channel-opacity\"\/>\n\n<h2 class=\"wp-block-heading\">2. Tipos de cookies utilizadas<\/h2>\n\n<ul class=\"wp-block-list\">\n<li><strong>Cookies esenciales:<\/strong> necesarias para el funcionamiento del sitio.<\/li>\n\n\n\n<li><strong>Cookies funcionales:<\/strong> retienen las preferencias de los usuarios (ej. idioma, regi\u00f3n).<\/li>\n\n\n\n<li><strong>Cookies anal\u00edticas:<\/strong> miden el tr\u00e1fico y el comportamiento de los visitantes (Google Analytics).<\/li>\n\n\n\n<li><strong>Cookies de marketing:<\/strong> utilizadas para publicidad personalizada y remarketing (ej. Facebook Pixel, Google Ads).<\/li>\n<\/ul>\n\n<hr class=\"wp-block-separator has-alpha-channel-opacity\"\/>\n\n<h2 class=\"wp-block-heading\">3. Consentimiento del usuario<\/h2>\n\n<p>La primera vez que se accede al sitio, aparece un banner mediante el cual el usuario puede aceptar o rechazar las cookies opcionales.<br\/>El uso continuado del sitio web implica la aceptaci\u00f3n impl\u00edcita de la Pol\u00edtica de Cookies.<\/p>\n\n<hr class=\"wp-block-separator has-alpha-channel-opacity\"\/>\n\n<h2 class=\"wp-block-heading\">4. Gesti\u00f3n de las cookies<\/h2>\n\n<p>Los usuarios pueden eliminar o bloquear las cookies desde la configuraci\u00f3n del navegador. Sin embargo, ciertas funcionalidades pueden verse afectadas.<br\/>Las instrucciones detalladas est\u00e1n disponibles en la secci\u00f3n &#8220;Ayuda&#8221; de cada navegador. <\/p>\n\n<hr class=\"wp-block-separator has-alpha-channel-opacity\"\/>\n\n<h2 class=\"wp-block-heading\">5. Contacto<\/h2>\n\n<p>Pentru \u00eentreb\u0103ri suplimentare privind utilizarea cookie-urilor, ne pute\u021bi contacta la:<br\/>contact@mihailrealestate.ro<\/p>\n\n<p><\/p>\n","protected":false},"excerpt":{"rendered":"<p>Ultima actualizare:\u00a01\/4\/2026 El sitio web Mihail Real Estate utiliza cookies para ofrecer una experiencia \u00f3ptima de navegaci\u00f3n, analizar el tr\u00e1fico y personalizar el contenido mostrado. 1. \u00bfQu\u00e9 son las cookies? Las cookies son peque\u00f1os archivos de texto que se almacenan en el dispositivo del usuario cuando este visita un sitio web. No contienen informaci\u00f3n personal [&hellip;]<\/p>\n","protected":false},"author":1,"featured_media":0,"parent":0,"menu_order":0,"comment_status":"closed","ping_status":"closed","template":"","meta":{"footnotes":""},"class_list":["post-5496","page","type-page","status-publish","hentry"],"yoast_head":"<!-- This site is optimized with the Yoast SEO plugin v27.3 - https:\/\/yoast.com\/product\/yoast-seo-wordpress\/ -->\n<title>Pol\u00edtica de Cookies \u2013 Mihail Real Estate - Mihail Real Estate<\/title>\n<meta name=\"robots\" content=\"index, follow, max-snippet:-1, max-image-preview:large, max-video-preview:-1\" \/>\n<link rel=\"canonical\" href=\"https:\/\/mihailrealestate.ro\/es\/politica-de-cookies-mihail-real-estate-2\/\" \/>\n<meta property=\"og:locale\" content=\"es_ES\" \/>\n<meta property=\"og:type\" content=\"article\" \/>\n<meta property=\"og:title\" content=\"Pol\u00edtica de Cookies \u2013 Mihail Real Estate - Mihail Real Estate\" \/>\n<meta property=\"og:description\" content=\"Ultima actualizare:\u00a01\/4\/2026 El sitio web Mihail Real Estate utiliza cookies para ofrecer una experiencia \u00f3ptima de navegaci\u00f3n, analizar el tr\u00e1fico y personalizar el contenido mostrado. 1. \u00bfQu\u00e9 son las cookies? Las cookies son peque\u00f1os archivos de texto que se almacenan en el dispositivo del usuario cuando este visita un sitio web. No contienen informaci\u00f3n personal [&hellip;]\" \/>\n<meta property=\"og:url\" content=\"https:\/\/mihailrealestate.ro\/es\/politica-de-cookies-mihail-real-estate-2\/\" \/>\n<meta property=\"og:site_name\" content=\"Mihail Real Estate\" \/>\n<meta property=\"article:modified_time\" content=\"2026-04-01T15:00:04+00:00\" \/>\n<meta name=\"twitter:card\" content=\"summary_large_image\" \/>\n<meta name=\"twitter:label1\" content=\"Tiempo de lectura\" \/>\n\t<meta name=\"twitter:data1\" content=\"1 minuto\" \/>\n<script type=\"application\/ld+json\" class=\"yoast-schema-graph\">{\"@context\":\"https:\\\/\\\/schema.org\",\"@graph\":[{\"@type\":\"WebPage\",\"@id\":\"https:\\\/\\\/mihailrealestate.ro\\\/es\\\/politica-de-cookies-mihail-real-estate-2\\\/\",\"url\":\"https:\\\/\\\/mihailrealestate.ro\\\/es\\\/politica-de-cookies-mihail-real-estate-2\\\/\",\"name\":\"Pol\u00edtica de Cookies \u2013 Mihail Real Estate - Mihail Real Estate\",\"isPartOf\":{\"@id\":\"https:\\\/\\\/mihailrealestate.ro\\\/es\\\/#website\"},\"datePublished\":\"2025-11-03T18:38:56+00:00\",\"dateModified\":\"2026-04-01T15:00:04+00:00\",\"breadcrumb\":{\"@id\":\"https:\\\/\\\/mihailrealestate.ro\\\/es\\\/politica-de-cookies-mihail-real-estate-2\\\/#breadcrumb\"},\"inLanguage\":\"es\",\"potentialAction\":[{\"@type\":\"ReadAction\",\"target\":[\"https:\\\/\\\/mihailrealestate.ro\\\/es\\\/politica-de-cookies-mihail-real-estate-2\\\/\"]}]},{\"@type\":\"BreadcrumbList\",\"@id\":\"https:\\\/\\\/mihailrealestate.ro\\\/es\\\/politica-de-cookies-mihail-real-estate-2\\\/#breadcrumb\",\"itemListElement\":[{\"@type\":\"ListItem\",\"position\":1,\"name\":\"Home\",\"item\":\"https:\\\/\\\/mihailrealestate.ro\\\/es\\\/\"},{\"@type\":\"ListItem\",\"position\":2,\"name\":\"Pol\u00edtica de Cookies \u2013 Mihail Real Estate\"}]},{\"@type\":\"WebSite\",\"@id\":\"https:\\\/\\\/mihailrealestate.ro\\\/es\\\/#website\",\"url\":\"https:\\\/\\\/mihailrealestate.ro\\\/es\\\/\",\"name\":\"Mihail Real Estate\",\"description\":\"\",\"publisher\":{\"@id\":\"https:\\\/\\\/mihailrealestate.ro\\\/es\\\/#organization\"},\"potentialAction\":[{\"@type\":\"SearchAction\",\"target\":{\"@type\":\"EntryPoint\",\"urlTemplate\":\"https:\\\/\\\/mihailrealestate.ro\\\/es\\\/?s={search_term_string}\"},\"query-input\":{\"@type\":\"PropertyValueSpecification\",\"valueRequired\":true,\"valueName\":\"search_term_string\"}}],\"inLanguage\":\"es\"},{\"@type\":\"Organization\",\"@id\":\"https:\\\/\\\/mihailrealestate.ro\\\/es\\\/#organization\",\"name\":\"Mihail Real Estate\",\"url\":\"https:\\\/\\\/mihailrealestate.ro\\\/es\\\/\",\"logo\":{\"@type\":\"ImageObject\",\"inLanguage\":\"es\",\"@id\":\"https:\\\/\\\/mihailrealestate.ro\\\/es\\\/#\\\/schema\\\/logo\\\/image\\\/\",\"url\":\"https:\\\/\\\/mihailrealestate.ro\\\/wp-content\\\/uploads\\\/2025\\\/10\\\/logo-bun-bun-bun.svg\",\"contentUrl\":\"https:\\\/\\\/mihailrealestate.ro\\\/wp-content\\\/uploads\\\/2025\\\/10\\\/logo-bun-bun-bun.svg\",\"width\":280,\"height\":50,\"caption\":\"Mihail Real Estate\"},\"image\":{\"@id\":\"https:\\\/\\\/mihailrealestate.ro\\\/es\\\/#\\\/schema\\\/logo\\\/image\\\/\"}}]}<\/script>\n<!-- \/ Yoast SEO plugin. -->","yoast_head_json":{"title":"Pol\u00edtica de Cookies \u2013 Mihail Real Estate - Mihail Real Estate","robots":{"index":"index","follow":"follow","max-snippet":"max-snippet:-1","max-image-preview":"max-image-preview:large","max-video-preview":"max-video-preview:-1"},"canonical":"https:\/\/mihailrealestate.ro\/es\/politica-de-cookies-mihail-real-estate-2\/","og_locale":"es_ES","og_type":"article","og_title":"Pol\u00edtica de Cookies \u2013 Mihail Real Estate - Mihail Real Estate","og_description":"Ultima actualizare:\u00a01\/4\/2026 El sitio web Mihail Real Estate utiliza cookies para ofrecer una experiencia \u00f3ptima de navegaci\u00f3n, analizar el tr\u00e1fico y personalizar el contenido mostrado. 1. \u00bfQu\u00e9 son las cookies? Las cookies son peque\u00f1os archivos de texto que se almacenan en el dispositivo del usuario cuando este visita un sitio web. No contienen informaci\u00f3n personal [&hellip;]","og_url":"https:\/\/mihailrealestate.ro\/es\/politica-de-cookies-mihail-real-estate-2\/","og_site_name":"Mihail Real Estate","article_modified_time":"2026-04-01T15:00:04+00:00","twitter_card":"summary_large_image","twitter_misc":{"Tiempo de lectura":"1 minuto"},"schema":{"@context":"https:\/\/schema.org","@graph":[{"@type":"WebPage","@id":"https:\/\/mihailrealestate.ro\/es\/politica-de-cookies-mihail-real-estate-2\/","url":"https:\/\/mihailrealestate.ro\/es\/politica-de-cookies-mihail-real-estate-2\/","name":"Pol\u00edtica de Cookies \u2013 Mihail Real Estate - Mihail Real Estate","isPartOf":{"@id":"https:\/\/mihailrealestate.ro\/es\/#website"},"datePublished":"2025-11-03T18:38:56+00:00","dateModified":"2026-04-01T15:00:04+00:00","breadcrumb":{"@id":"https:\/\/mihailrealestate.ro\/es\/politica-de-cookies-mihail-real-estate-2\/#breadcrumb"},"inLanguage":"es","potentialAction":[{"@type":"ReadAction","target":["https:\/\/mihailrealestate.ro\/es\/politica-de-cookies-mihail-real-estate-2\/"]}]},{"@type":"BreadcrumbList","@id":"https:\/\/mihailrealestate.ro\/es\/politica-de-cookies-mihail-real-estate-2\/#breadcrumb","itemListElement":[{"@type":"ListItem","position":1,"name":"Home","item":"https:\/\/mihailrealestate.ro\/es\/"},{"@type":"ListItem","position":2,"name":"Pol\u00edtica de Cookies \u2013 Mihail Real Estate"}]},{"@type":"WebSite","@id":"https:\/\/mihailrealestate.ro\/es\/#website","url":"https:\/\/mihailrealestate.ro\/es\/","name":"Mihail Real Estate","description":"","publisher":{"@id":"https:\/\/mihailrealestate.ro\/es\/#organization"},"potentialAction":[{"@type":"SearchAction","target":{"@type":"EntryPoint","urlTemplate":"https:\/\/mihailrealestate.ro\/es\/?s={search_term_string}"},"query-input":{"@type":"PropertyValueSpecification","valueRequired":true,"valueName":"search_term_string"}}],"inLanguage":"es"},{"@type":"Organization","@id":"https:\/\/mihailrealestate.ro\/es\/#organization","name":"Mihail Real Estate","url":"https:\/\/mihailrealestate.ro\/es\/","logo":{"@type":"ImageObject","inLanguage":"es","@id":"https:\/\/mihailrealestate.ro\/es\/#\/schema\/logo\/image\/","url":"https:\/\/mihailrealestate.ro\/wp-content\/uploads\/2025\/10\/logo-bun-bun-bun.svg","contentUrl":"https:\/\/mihailrealestate.ro\/wp-content\/uploads\/2025\/10\/logo-bun-bun-bun.svg","width":280,"height":50,"caption":"Mihail Real Estate"},"image":{"@id":"https:\/\/mihailrealestate.ro\/es\/#\/schema\/logo\/image\/"}}]}},"_hostinger_reach_plugin_has_subscription_block":false,"_hostinger_reach_plugin_is_elementor":false,"_links":{"self":[{"href":"https:\/\/mihailrealestate.ro\/es\/wp-json\/wp\/v2\/pages\/5496","targetHints":{"allow":["GET"]}}],"collection":[{"href":"https:\/\/mihailrealestate.ro\/es\/wp-json\/wp\/v2\/pages"}],"about":[{"href":"https:\/\/mihailrealestate.ro\/es\/wp-json\/wp\/v2\/types\/page"}],"author":[{"embeddable":true,"href":"https:\/\/mihailrealestate.ro\/es\/wp-json\/wp\/v2\/users\/1"}],"replies":[{"embeddable":true,"href":"https:\/\/mihailrealestate.ro\/es\/wp-json\/wp\/v2\/comments?post=5496"}],"version-history":[{"count":2,"href":"https:\/\/mihailrealestate.ro\/es\/wp-json\/wp\/v2\/pages\/5496\/revisions"}],"predecessor-version":[{"id":9112,"href":"https:\/\/mihailrealestate.ro\/es\/wp-json\/wp\/v2\/pages\/5496\/revisions\/9112"}],"wp:attachment":[{"href":"https:\/\/mihailrealestate.ro\/es\/wp-json\/wp\/v2\/media?parent=5496"}],"curies":[{"name":"wp","href":"https:\/\/api.w.org\/{rel}","templated":true}]}}