{"id":5381,"date":"2025-10-31T15:56:03","date_gmt":"2025-10-31T15:56:03","guid":{"rendered":"https:\/\/mihailrealestate.ro\/buscar-propiedades\/"},"modified":"2025-11-24T13:11:54","modified_gmt":"2025-11-24T13:11:54","slug":"buscar-propiedades","status":"publish","type":"page","link":"https:\/\/mihailrealestate.ro\/es\/buscar-propiedades\/","title":{"rendered":"Buscar propiedades"},"content":{"rendered":"\t\t<div data-elementor-type=\"wp-page\" data-elementor-id=\"5381\" class=\"elementor elementor-5381 elementor-4961\">\n\t\t\t\t<div class=\"elementor-element elementor-element-01cb864 e-flex e-con-boxed e-con e-parent\" data-id=\"01cb864\" data-element_type=\"container\" data-e-type=\"container\">\n\t\t\t\t\t<div class=\"e-con-inner\">\n\t\t<div class=\"elementor-element elementor-element-47074ad e-con-full e-flex e-con e-child\" data-id=\"47074ad\" data-element_type=\"container\" data-e-type=\"container\">\n\t\t\t\t<div class=\"elementor-element elementor-element-2f1a472 elementor-widget elementor-widget-houzez_elementor_space\" data-id=\"2f1a472\" data-element_type=\"widget\" data-e-type=\"widget\" data-widget_type=\"houzez_elementor_space.default\">\n\t\t\t\t<div class=\"elementor-widget-container\">\n\t\t\t\t\t        <div class=\"houzez-spacer\">\n            <div class=\"houzez-spacer-inner\"><\/div>\n        <\/div>\n        \t\t\t\t<\/div>\n\t\t\t\t<\/div>\n\t\t\t\t<\/div>\n\t\t\t\t<div class=\"elementor-element elementor-element-a1b6af2 elementor-widget elementor-widget-heading\" data-id=\"a1b6af2\" data-element_type=\"widget\" data-e-type=\"widget\" data-widget_type=\"heading.default\">\n\t\t\t\t\t<h2 class=\"elementor-heading-title elementor-size-default\">\u00bfNo ha encontrado la propiedad deseada?<\/h2>\t\t\t\t<\/div>\n\t\t\t\t<div class=\"elementor-element elementor-element-208eddc elementor-widget elementor-widget-houzez_elementor_space\" data-id=\"208eddc\" data-element_type=\"widget\" data-e-type=\"widget\" data-widget_type=\"houzez_elementor_space.default\">\n\t\t\t\t<div class=\"elementor-widget-container\">\n\t\t\t\t\t        <div class=\"houzez-spacer\">\n            <div class=\"houzez-spacer-inner\"><\/div>\n        <\/div>\n        \t\t\t\t<\/div>\n\t\t\t\t<\/div>\n\t\t\t\t\t<\/div>\n\t\t\t\t<\/div>\n\t\t<div class=\"elementor-element elementor-element-3d73c03 e-flex e-con-boxed e-con e-parent\" data-id=\"3d73c03\" data-element_type=\"container\" data-e-type=\"container\">\n\t\t\t\t\t<div class=\"e-con-inner\">\n\t\t\t\t<div class=\"elementor-element elementor-element-81f93e3 elementor-widget elementor-widget-text-editor\" data-id=\"81f93e3\" data-element_type=\"widget\" data-e-type=\"widget\" data-widget_type=\"text-editor.default\">\n\t\t\t\t\t\t\t\t\t<p>Tiene dos opciones sencillas: acceda a la p\u00e1gina de contacto en la parte superior de la pantalla y transm\u00edtanos directamente qu\u00e9 tipo de propiedad busca o introduzca su direcci\u00f3n de correo electr\u00f3nico en el formulario de la parte inferior derecha. Cuando publiquemos una propiedad que se ajuste a sus requisitos, le avisaremos al instante por correo electr\u00f3nico.<\/p>\t\t\t\t\t\t\t\t<\/div>\n\t\t\t\t\t<\/div>\n\t\t\t\t<\/div>\n\t\t<div class=\"elementor-element elementor-element-549a301 e-flex e-con-boxed e-con e-parent\" data-id=\"549a301\" data-element_type=\"container\" data-e-type=\"container\">\n\t\t\t\t\t<div class=\"e-con-inner\">\n\t\t\t\t<div class=\"elementor-element elementor-element-55e35eb elementor-align-center elementor-widget elementor-widget-button\" data-id=\"55e35eb\" data-element_type=\"widget\" data-e-type=\"widget\" data-widget_type=\"button.default\">\n\t\t\t\t\t\t\t\t\t\t<a class=\"elementor-button elementor-button-link elementor-size-sm\" href=\"https:\/\/mihailrealestate.ro\/contact\/\">\n\t\t\t\t\t\t<span class=\"elementor-button-content-wrapper\">\n\t\t\t\t\t\t\t\t\t<span class=\"elementor-button-text\">\u00a1Deseo contactar con ustedes!<\/span>\n\t\t\t\t\t<\/span>\n\t\t\t\t\t<\/a>\n\t\t\t\t\t\t\t\t<\/div>\n\t\t\t\t\t<\/div>\n\t\t\t\t<\/div>\n\t\t<div class=\"elementor-element elementor-element-9a66fe7 e-con-full e-flex e-con e-parent\" data-id=\"9a66fe7\" data-element_type=\"container\" data-e-type=\"container\">\n\t\t\t\t<div class=\"elementor-element elementor-element-e3da212 elementor-widget elementor-widget-image\" data-id=\"e3da212\" data-element_type=\"widget\" data-e-type=\"widget\" data-widget_type=\"image.default\">\n\t\t\t\t\t\t\t\t\t\t\t\t\t\t\t<img fetchpriority=\"high\" decoding=\"async\" width=\"780\" height=\"780\" src=\"https:\/\/mihailrealestate.ro\/wp-content\/uploads\/2025\/10\/formular-abonare.png\" class=\"attachment-large size-large wp-image-5383\" alt=\"\" srcset=\"\" \/>\t\t\t\t\t\t\t\t\t\t\t\t\t\t\t<\/div>\n\t\t\t\t<\/div>\n\t\t\t\t<\/div>\n\t\t","protected":false},"excerpt":{"rendered":"<p>\u00bfNo ha encontrado la propiedad deseada? Tiene dos opciones sencillas: acceda a la p\u00e1gina de contacto en la parte superior de la pantalla y transm\u00edtanos directamente qu\u00e9 tipo de propiedad busca o introduzca su direcci\u00f3n de correo electr\u00f3nico en el formulario de la parte inferior derecha. Cuando publiquemos una propiedad que se ajuste a sus [&hellip;]<\/p>\n","protected":false},"author":1,"featured_media":0,"parent":0,"menu_order":0,"comment_status":"closed","ping_status":"closed","template":"elementor_header_footer","meta":{"footnotes":""},"class_list":["post-5381","page","type-page","status-publish","hentry"],"yoast_head":"<!-- This site is optimized with the Yoast SEO plugin v27.3 - https:\/\/yoast.com\/product\/yoast-seo-wordpress\/ -->\n<title>Buscar propiedades - Mihail Real Estate<\/title>\n<meta name=\"robots\" content=\"index, follow, max-snippet:-1, max-image-preview:large, max-video-preview:-1\" \/>\n<link rel=\"canonical\" href=\"https:\/\/mihailrealestate.ro\/es\/buscar-propiedades\/\" \/>\n<meta property=\"og:locale\" content=\"es_ES\" \/>\n<meta property=\"og:type\" content=\"article\" \/>\n<meta property=\"og:title\" content=\"Buscar propiedades - Mihail Real Estate\" \/>\n<meta property=\"og:description\" content=\"\u00bfNo ha encontrado la propiedad deseada? Tiene dos opciones sencillas: acceda a la p\u00e1gina de contacto en la parte superior de la pantalla y transm\u00edtanos directamente qu\u00e9 tipo de propiedad busca o introduzca su direcci\u00f3n de correo electr\u00f3nico en el formulario de la parte inferior derecha. Cuando publiquemos una propiedad que se ajuste a sus [&hellip;]\" \/>\n<meta property=\"og:url\" content=\"https:\/\/mihailrealestate.ro\/es\/buscar-propiedades\/\" \/>\n<meta property=\"og:site_name\" content=\"Mihail Real Estate\" \/>\n<meta property=\"article:modified_time\" content=\"2025-11-24T13:11:54+00:00\" \/>\n<meta property=\"og:image\" content=\"https:\/\/mihailrealestate.ro\/wp-content\/uploads\/2025\/10\/formular-abonare.png\" \/>\n<meta name=\"twitter:card\" content=\"summary_large_image\" \/>\n<script type=\"application\/ld+json\" class=\"yoast-schema-graph\">{\"@context\":\"https:\\\/\\\/schema.org\",\"@graph\":[{\"@type\":\"WebPage\",\"@id\":\"https:\\\/\\\/mihailrealestate.ro\\\/es\\\/buscar-propiedades\\\/\",\"url\":\"https:\\\/\\\/mihailrealestate.ro\\\/es\\\/buscar-propiedades\\\/\",\"name\":\"Buscar propiedades - Mihail Real Estate\",\"isPartOf\":{\"@id\":\"https:\\\/\\\/mihailrealestate.ro\\\/es\\\/#website\"},\"primaryImageOfPage\":{\"@id\":\"https:\\\/\\\/mihailrealestate.ro\\\/es\\\/buscar-propiedades\\\/#primaryimage\"},\"image\":{\"@id\":\"https:\\\/\\\/mihailrealestate.ro\\\/es\\\/buscar-propiedades\\\/#primaryimage\"},\"thumbnailUrl\":\"https:\\\/\\\/mihailrealestate.ro\\\/wp-content\\\/uploads\\\/2025\\\/10\\\/formular-abonare.png\",\"datePublished\":\"2025-10-31T15:56:03+00:00\",\"dateModified\":\"2025-11-24T13:11:54+00:00\",\"breadcrumb\":{\"@id\":\"https:\\\/\\\/mihailrealestate.ro\\\/es\\\/buscar-propiedades\\\/#breadcrumb\"},\"inLanguage\":\"es\",\"potentialAction\":[{\"@type\":\"ReadAction\",\"target\":[\"https:\\\/\\\/mihailrealestate.ro\\\/es\\\/buscar-propiedades\\\/\"]}]},{\"@type\":\"ImageObject\",\"inLanguage\":\"es\",\"@id\":\"https:\\\/\\\/mihailrealestate.ro\\\/es\\\/buscar-propiedades\\\/#primaryimage\",\"url\":\"https:\\\/\\\/mihailrealestate.ro\\\/wp-content\\\/uploads\\\/2025\\\/10\\\/formular-abonare.png\",\"contentUrl\":\"https:\\\/\\\/mihailrealestate.ro\\\/wp-content\\\/uploads\\\/2025\\\/10\\\/formular-abonare.png\"},{\"@type\":\"BreadcrumbList\",\"@id\":\"https:\\\/\\\/mihailrealestate.ro\\\/es\\\/buscar-propiedades\\\/#breadcrumb\",\"itemListElement\":[{\"@type\":\"ListItem\",\"position\":1,\"name\":\"Home\",\"item\":\"https:\\\/\\\/mihailrealestate.ro\\\/es\\\/\"},{\"@type\":\"ListItem\",\"position\":2,\"name\":\"Buscar propiedades\"}]},{\"@type\":\"WebSite\",\"@id\":\"https:\\\/\\\/mihailrealestate.ro\\\/es\\\/#website\",\"url\":\"https:\\\/\\\/mihailrealestate.ro\\\/es\\\/\",\"name\":\"Mihail Real Estate\",\"description\":\"\",\"publisher\":{\"@id\":\"https:\\\/\\\/mihailrealestate.ro\\\/es\\\/#organization\"},\"potentialAction\":[{\"@type\":\"SearchAction\",\"target\":{\"@type\":\"EntryPoint\",\"urlTemplate\":\"https:\\\/\\\/mihailrealestate.ro\\\/es\\\/?s={search_term_string}\"},\"query-input\":{\"@type\":\"PropertyValueSpecification\",\"valueRequired\":true,\"valueName\":\"search_term_string\"}}],\"inLanguage\":\"es\"},{\"@type\":\"Organization\",\"@id\":\"https:\\\/\\\/mihailrealestate.ro\\\/es\\\/#organization\",\"name\":\"Mihail Real Estate\",\"url\":\"https:\\\/\\\/mihailrealestate.ro\\\/es\\\/\",\"logo\":{\"@type\":\"ImageObject\",\"inLanguage\":\"es\",\"@id\":\"https:\\\/\\\/mihailrealestate.ro\\\/es\\\/#\\\/schema\\\/logo\\\/image\\\/\",\"url\":\"https:\\\/\\\/mihailrealestate.ro\\\/wp-content\\\/uploads\\\/2025\\\/10\\\/logo-bun-bun-bun.svg\",\"contentUrl\":\"https:\\\/\\\/mihailrealestate.ro\\\/wp-content\\\/uploads\\\/2025\\\/10\\\/logo-bun-bun-bun.svg\",\"width\":280,\"height\":50,\"caption\":\"Mihail Real Estate\"},\"image\":{\"@id\":\"https:\\\/\\\/mihailrealestate.ro\\\/es\\\/#\\\/schema\\\/logo\\\/image\\\/\"}}]}<\/script>\n<!-- \/ Yoast SEO plugin. -->","yoast_head_json":{"title":"Buscar propiedades - Mihail Real Estate","robots":{"index":"index","follow":"follow","max-snippet":"max-snippet:-1","max-image-preview":"max-image-preview:large","max-video-preview":"max-video-preview:-1"},"canonical":"https:\/\/mihailrealestate.ro\/es\/buscar-propiedades\/","og_locale":"es_ES","og_type":"article","og_title":"Buscar propiedades - Mihail Real Estate","og_description":"\u00bfNo ha encontrado la propiedad deseada? Tiene dos opciones sencillas: acceda a la p\u00e1gina de contacto en la parte superior de la pantalla y transm\u00edtanos directamente qu\u00e9 tipo de propiedad busca o introduzca su direcci\u00f3n de correo electr\u00f3nico en el formulario de la parte inferior derecha. Cuando publiquemos una propiedad que se ajuste a sus [&hellip;]","og_url":"https:\/\/mihailrealestate.ro\/es\/buscar-propiedades\/","og_site_name":"Mihail Real Estate","article_modified_time":"2025-11-24T13:11:54+00:00","og_image":[{"url":"https:\/\/mihailrealestate.ro\/wp-content\/uploads\/2025\/10\/formular-abonare.png","type":"","width":"","height":""}],"twitter_card":"summary_large_image","schema":{"@context":"https:\/\/schema.org","@graph":[{"@type":"WebPage","@id":"https:\/\/mihailrealestate.ro\/es\/buscar-propiedades\/","url":"https:\/\/mihailrealestate.ro\/es\/buscar-propiedades\/","name":"Buscar propiedades - Mihail Real Estate","isPartOf":{"@id":"https:\/\/mihailrealestate.ro\/es\/#website"},"primaryImageOfPage":{"@id":"https:\/\/mihailrealestate.ro\/es\/buscar-propiedades\/#primaryimage"},"image":{"@id":"https:\/\/mihailrealestate.ro\/es\/buscar-propiedades\/#primaryimage"},"thumbnailUrl":"https:\/\/mihailrealestate.ro\/wp-content\/uploads\/2025\/10\/formular-abonare.png","datePublished":"2025-10-31T15:56:03+00:00","dateModified":"2025-11-24T13:11:54+00:00","breadcrumb":{"@id":"https:\/\/mihailrealestate.ro\/es\/buscar-propiedades\/#breadcrumb"},"inLanguage":"es","potentialAction":[{"@type":"ReadAction","target":["https:\/\/mihailrealestate.ro\/es\/buscar-propiedades\/"]}]},{"@type":"ImageObject","inLanguage":"es","@id":"https:\/\/mihailrealestate.ro\/es\/buscar-propiedades\/#primaryimage","url":"https:\/\/mihailrealestate.ro\/wp-content\/uploads\/2025\/10\/formular-abonare.png","contentUrl":"https:\/\/mihailrealestate.ro\/wp-content\/uploads\/2025\/10\/formular-abonare.png"},{"@type":"BreadcrumbList","@id":"https:\/\/mihailrealestate.ro\/es\/buscar-propiedades\/#breadcrumb","itemListElement":[{"@type":"ListItem","position":1,"name":"Home","item":"https:\/\/mihailrealestate.ro\/es\/"},{"@type":"ListItem","position":2,"name":"Buscar propiedades"}]},{"@type":"WebSite","@id":"https:\/\/mihailrealestate.ro\/es\/#website","url":"https:\/\/mihailrealestate.ro\/es\/","name":"Mihail Real Estate","description":"","publisher":{"@id":"https:\/\/mihailrealestate.ro\/es\/#organization"},"potentialAction":[{"@type":"SearchAction","target":{"@type":"EntryPoint","urlTemplate":"https:\/\/mihailrealestate.ro\/es\/?s={search_term_string}"},"query-input":{"@type":"PropertyValueSpecification","valueRequired":true,"valueName":"search_term_string"}}],"inLanguage":"es"},{"@type":"Organization","@id":"https:\/\/mihailrealestate.ro\/es\/#organization","name":"Mihail Real Estate","url":"https:\/\/mihailrealestate.ro\/es\/","logo":{"@type":"ImageObject","inLanguage":"es","@id":"https:\/\/mihailrealestate.ro\/es\/#\/schema\/logo\/image\/","url":"https:\/\/mihailrealestate.ro\/wp-content\/uploads\/2025\/10\/logo-bun-bun-bun.svg","contentUrl":"https:\/\/mihailrealestate.ro\/wp-content\/uploads\/2025\/10\/logo-bun-bun-bun.svg","width":280,"height":50,"caption":"Mihail Real Estate"},"image":{"@id":"https:\/\/mihailrealestate.ro\/es\/#\/schema\/logo\/image\/"}}]}},"_hostinger_reach_plugin_has_subscription_block":false,"_hostinger_reach_plugin_is_elementor":false,"_links":{"self":[{"href":"https:\/\/mihailrealestate.ro\/es\/wp-json\/wp\/v2\/pages\/5381","targetHints":{"allow":["GET"]}}],"collection":[{"href":"https:\/\/mihailrealestate.ro\/es\/wp-json\/wp\/v2\/pages"}],"about":[{"href":"https:\/\/mihailrealestate.ro\/es\/wp-json\/wp\/v2\/types\/page"}],"author":[{"embeddable":true,"href":"https:\/\/mihailrealestate.ro\/es\/wp-json\/wp\/v2\/users\/1"}],"replies":[{"embeddable":true,"href":"https:\/\/mihailrealestate.ro\/es\/wp-json\/wp\/v2\/comments?post=5381"}],"version-history":[{"count":1,"href":"https:\/\/mihailrealestate.ro\/es\/wp-json\/wp\/v2\/pages\/5381\/revisions"}],"predecessor-version":[{"id":5385,"href":"https:\/\/mihailrealestate.ro\/es\/wp-json\/wp\/v2\/pages\/5381\/revisions\/5385"}],"wp:attachment":[{"href":"https:\/\/mihailrealestate.ro\/es\/wp-json\/wp\/v2\/media?parent=5381"}],"curies":[{"name":"wp","href":"https:\/\/api.w.org\/{rel}","templated":true}]}}